{"id":285,"date":"2016-02-24T09:07:24","date_gmt":"2016-02-24T09:07:24","guid":{"rendered":"http:\/\/sktthemesdemo.net\/complete\/?page_id=285"},"modified":"2024-10-16T23:09:33","modified_gmt":"2024-10-17T04:09:33","slug":"about-us","status":"publish","type":"page","link":"https:\/\/cafe.midriasis.com\/index.php\/about-us\/","title":{"rendered":"Nuestra historia"},"content":{"rendered":"<div id=\"sktbuilder-text-block-57\" class=\"sktbuilder-block sktbuilder-text\">\r\n    <div class=\"qb-container\">\r\n            <div class=\"sktbuilder-header\">\r\n                <h2 class=\"sktbuilder-header__title sktbuilder-text__title sktbuilder-header__title_color_black\">Caf\u00e9 Midriasis<\/h2>\r\n                <div class=\"sktbuilder-header__description sktbuilder-text__description sktbuilder-header__description_color_black\">\r\n                   <p>El caf\u00e9 Midriasis es un caf\u00e9 org\u00e1nico cultivado a 1.850 metros de altura sobre el nivel del mar. Nace de la necesidad de encontrar un producto tradicional, con una elaboraci\u00f3n artesanal, y un valor agregado, el cual consiste en ser un producto elaborado por una familia colombiana proveniente del eje cafetero, que busc\u00f3 la forma de emprender en el oriente antioque\u00f1o llevados por los sue\u00f1os de su hijo mayor a sus 20 a\u00f1os. Ellos buscaron la forma de&nbsp;llevar un caf\u00e9 exclusivo a sus clientes, liderando todo el proceso desde su cultivo y procesamiento, el caf\u00e9 es finamente seleccionado y entregado por ellos mismos, con altos est\u00e1ndares de calidad y buscando la forma de innovar, mezcl\u00e1ndolo con preparaciones como la crema chantill\u00ed, las tortas y postres y una variedad de productos servidos de una forma innovadora y elegante.<\/p><p>En la finca se escogen los frutos maduros llamados cerezas, pasan por unos tanques de selecci\u00f3n, se despulpan, pasan por unos invernaderos para que sequen y se empacan en su forma de almendras verdes, ya en el establecimiento KAFFA, se procesan en la tostadora, para deshidratarlos y dejarlos en el punto para ser molidos y filtrados; por lo general, hay dos cosechas productivas al a\u00f1o. Despu\u00e9s de tostar, se hace una selecciona manual, donde se separan las pasillas de los granos buenos (las pasillas son los granos que no se alcanzan a nutrir en todo el proceso del cultivo), con la pasilla se hacen exfoliantes para el cuerpo (Exfoliante MORE) para no desperdiciar nada del producto. El caf\u00e9 se selecciona y se le da una tosti\u00f3n media, para generar los pronunciados achocolatados y las notas arom\u00e1ticas en la taza. Se reconoce como un caf\u00e9 org\u00e1nico, porque el abono de las plantas de caf\u00e9 no es qu\u00edmico, sino abono natural y al lado de los \u00e1rboles de caf\u00e9, se siembran arboles de naranja y mandarina, para que se refleje en su sabor estas notas c\u00edtricas. El caf\u00e9 cultivado es un cruce entre variedad Colombia y Bourbon Amarillo.<\/p><iframe class=\"ql-video\" frameborder=\"0\" allowfullscreen=\"true\" src=\"https:\/\/www.youtube.com\/embed\/Waq9x6jCuZ8?showinfo=0\"><\/iframe><iframe class=\"ql-video\" frameborder=\"0\" allowfullscreen=\"true\" src=\"https:\/\/www.youtube.com\/embed\/JCJokxc8GHg?showinfo=0\"><\/iframe><p><br><\/p>\r\n                <\/div>\r\n            <\/div>\r\n    <\/div>\r\n<\/div>    <!-- sktbuilder starter --><script type=\"text\/javascript\" src=\"https:\/\/cafe.midriasis.com\/wp-content\/plugins\/skt-builder\/sktbuilder\/sktbuilder-frontend-starter.js\"><\/script><script type=\"text\/javascript\" src=\"https:\/\/cafe.midriasis.com\/wp-content\/plugins\/skt-builder\/sktbuilder-wordpress-driver.js\"><\/script><script type=\"text\/javascript\"> var starter = new SktbuilderStarter({\"mode\": \"prod\", \"skip\":[\"jquery\",\"underscore\",\"backbone\"],\"sktbuilderUrl\": \"https:\/\/cafe.midriasis.com\/wp-content\/plugins\/skt-builder\/sktbuilder\/\", \"driver\": new SktbuilderWordpressDriver({\"ajaxUrl\": \"https:\/\/cafe.midriasis.com\/wp-admin\/admin-ajax.php\", \"iframeUrl\": \"https:\/\/cafe.midriasis.com\/index.php\/about-us\/?sktbuilder=true\", \"pageId\": 285, \"pages\": [{\"title\":\"Servicios\",\"url\":\"https:\\\/\\\/cafe.midriasis.com\\\/wp-admin\\\/post.php?post=1749&action=sktbuilder\"},{\"title\":\"Home\",\"url\":\"https:\\\/\\\/cafe.midriasis.com\\\/wp-admin\\\/post.php?post=4363&action=sktbuilder\"}], \"page\": \"Nuestra historia\" }) });<\/script><!-- end sktbuilder starter -->","protected":false},"excerpt":{"rendered":"<p>Caf\u00e9 Midriasis El caf\u00e9 Midriasis es un caf\u00e9 org\u00e1nico cultivado a 1.850 metros de altura sobre el nivel del mar. Nace de la necesidad de encontrar un producto tradicional, con una elaboraci\u00f3n artesanal, y un valor agregado, el cual consiste en ser un producto elaborado por una familia colombiana proveniente del eje cafetero, que busc\u00f3<br \/><a class=\"moretag\" href=\"https:\/\/cafe.midriasis.com\/index.php\/about-us\/\">+ Read More<\/a><\/p>\n","protected":false},"author":1,"featured_media":0,"parent":0,"menu_order":0,"comment_status":"closed","ping_status":"closed","template":"templates\/page-fullwidth_template.php","meta":{"footnotes":""},"class_list":["post-285","page","type-page","status-publish","hentry"],"_links":{"self":[{"href":"https:\/\/cafe.midriasis.com\/index.php\/wp-json\/wp\/v2\/pages\/285"}],"collection":[{"href":"https:\/\/cafe.midriasis.com\/index.php\/wp-json\/wp\/v2\/pages"}],"about":[{"href":"https:\/\/cafe.midriasis.com\/index.php\/wp-json\/wp\/v2\/types\/page"}],"author":[{"embeddable":true,"href":"https:\/\/cafe.midriasis.com\/index.php\/wp-json\/wp\/v2\/users\/1"}],"replies":[{"embeddable":true,"href":"https:\/\/cafe.midriasis.com\/index.php\/wp-json\/wp\/v2\/comments?post=285"}],"version-history":[{"count":11,"href":"https:\/\/cafe.midriasis.com\/index.php\/wp-json\/wp\/v2\/pages\/285\/revisions"}],"predecessor-version":[{"id":4553,"href":"https:\/\/cafe.midriasis.com\/index.php\/wp-json\/wp\/v2\/pages\/285\/revisions\/4553"}],"wp:attachment":[{"href":"https:\/\/cafe.midriasis.com\/index.php\/wp-json\/wp\/v2\/media?parent=285"}],"curies":[{"name":"wp","href":"https:\/\/api.w.org\/{rel}","templated":true}]}}