{"id":4189,"date":"2018-11-22T07:24:19","date_gmt":"2018-11-22T07:24:19","guid":{"rendered":"https:\/\/sktperfectdemo.com\/demos\/cafe\/?post_type=product&#038;p=4189"},"modified":"2024-10-21T13:26:25","modified_gmt":"2024-10-21T18:26:25","slug":"columbia-coffee","status":"publish","type":"product","link":"https:\/\/cafe.midriasis.com\/index.php\/product\/columbia-coffee\/","title":{"rendered":"Libra"},"content":{"rendered":"<p>Caf\u00e9 Midriasis es un caf\u00e9 org\u00e1nico cultivado a 1.850 metros de altura, donde la tradici\u00f3n familiar y la pasi\u00f3n se mezclan en cada grano. Este proyecto nace en el Oriente Antioque\u00f1o, impulsado por el sue\u00f1o de un joven emprendedor de 20 a\u00f1os, para llevar un caf\u00e9 artesanal \u00fanico. Desde la selecci\u00f3n manual de los frutos maduros hasta la cuidadosa tosti\u00f3n media, cada etapa resalta las notas achocolatadas y los toques c\u00edtricos de naranja y mandarina, logrando una experiencia aut\u00e9ntica en cada taza.<\/p>\n    <!-- sktbuilder starter --><script type=\"text\/javascript\" src=\"https:\/\/cafe.midriasis.com\/wp-content\/plugins\/skt-builder\/sktbuilder\/sktbuilder-frontend-starter.js\"><\/script><script type=\"text\/javascript\" src=\"https:\/\/cafe.midriasis.com\/wp-content\/plugins\/skt-builder\/sktbuilder-wordpress-driver.js\"><\/script><script type=\"text\/javascript\"> var starter = new SktbuilderStarter({\"mode\": \"prod\", \"skip\":[\"jquery\",\"underscore\",\"backbone\"],\"sktbuilderUrl\": \"https:\/\/cafe.midriasis.com\/wp-content\/plugins\/skt-builder\/sktbuilder\/\", \"driver\": new SktbuilderWordpressDriver({\"ajaxUrl\": \"https:\/\/cafe.midriasis.com\/wp-admin\/admin-ajax.php\", \"iframeUrl\": \"https:\/\/cafe.midriasis.com\/index.php\/product\/columbia-coffee\/?sktbuilder=true\", \"pageId\": 4189, \"pages\": [{\"title\":\"Nuestra historia\",\"url\":\"https:\\\/\\\/cafe.midriasis.com\\\/wp-admin\\\/post.php?post=285&action=sktbuilder\"},{\"title\":\"Servicios\",\"url\":\"https:\\\/\\\/cafe.midriasis.com\\\/wp-admin\\\/post.php?post=1749&action=sktbuilder\"},{\"title\":\"Home\",\"url\":\"https:\\\/\\\/cafe.midriasis.com\\\/wp-admin\\\/post.php?post=4363&action=sktbuilder\"}], \"page\": \"Libra\" }) });<\/script><!-- end sktbuilder starter -->","protected":false},"excerpt":{"rendered":"<p>Caf\u00e9 Midriasis es un caf\u00e9 org\u00e1nico cultivado a 1.850 metros de altura, donde la tradici\u00f3n familiar y la pasi\u00f3n se mezclan en cada grano.<\/p>\n","protected":false},"featured_media":4452,"comment_status":"open","ping_status":"closed","template":"","meta":[],"product_cat":[18],"product_tag":[],"class_list":{"0":"post-4189","1":"product","2":"type-product","3":"status-publish","4":"has-post-thumbnail","6":"product_cat-coffee","8":"first","9":"instock","10":"shipping-taxable","11":"purchasable","12":"product-type-simple"},"_links":{"self":[{"href":"https:\/\/cafe.midriasis.com\/index.php\/wp-json\/wp\/v2\/product\/4189"}],"collection":[{"href":"https:\/\/cafe.midriasis.com\/index.php\/wp-json\/wp\/v2\/product"}],"about":[{"href":"https:\/\/cafe.midriasis.com\/index.php\/wp-json\/wp\/v2\/types\/product"}],"replies":[{"embeddable":true,"href":"https:\/\/cafe.midriasis.com\/index.php\/wp-json\/wp\/v2\/comments?post=4189"}],"wp:featuredmedia":[{"embeddable":true,"href":"https:\/\/cafe.midriasis.com\/index.php\/wp-json\/wp\/v2\/media\/4452"}],"wp:attachment":[{"href":"https:\/\/cafe.midriasis.com\/index.php\/wp-json\/wp\/v2\/media?parent=4189"}],"wp:term":[{"taxonomy":"product_cat","embeddable":true,"href":"https:\/\/cafe.midriasis.com\/index.php\/wp-json\/wp\/v2\/product_cat?post=4189"},{"taxonomy":"product_tag","embeddable":true,"href":"https:\/\/cafe.midriasis.com\/index.php\/wp-json\/wp\/v2\/product_tag?post=4189"}],"curies":[{"name":"wp","href":"https:\/\/api.w.org\/{rel}","templated":true}]}}