{"id":4190,"date":"2018-11-22T07:25:06","date_gmt":"2018-11-22T07:25:06","guid":{"rendered":"https:\/\/sktperfectdemo.com\/demos\/cafe\/?post_type=product&#038;p=4190"},"modified":"2024-10-17T00:30:05","modified_gmt":"2024-10-17T05:30:05","slug":"kenya-coffee","status":"publish","type":"product","link":"https:\/\/cafe.midriasis.com\/index.php\/product\/kenya-coffee\/","title":{"rendered":"Kit Prensa"},"content":{"rendered":"<p>Caf\u00e9 Midriasis es mucho m\u00e1s que una taza de caf\u00e9.\u00a0 Cada grano captura la tradici\u00f3n de una familia colombiana que ha trasladado su pasi\u00f3n cafetera desde el Eje Cafetero al Oriente Antioque\u00f1o. Cada sorbo conecta con las ra\u00edces, elevando lo cotidiano a lo extraordinario.<\/p>\n<p>Y para complementar esta experiencia, Caf\u00e9 Midriasis viene acompa\u00f1ado de una espectacular prensa francesa, ideal para resaltar cada una de las notas y aromas \u00fanicos de nuestro caf\u00e9. Esta prensa, hecha de vidrio resistente al calor y acero inoxidable, permite una extracci\u00f3n lenta y controlada, logrando una taza m\u00e1s intensa y rica en sabor, perfecta para disfrutar en cada momento.<\/p>\n<p>El kit contiene media libra de caf\u00e9, un aprensa francesa para 2 tazas y una cuchara mezcladora.<\/p>\n    <!-- sktbuilder starter --><script type=\"text\/javascript\" src=\"https:\/\/cafe.midriasis.com\/wp-content\/plugins\/skt-builder\/sktbuilder\/sktbuilder-frontend-starter.js\"><\/script><script type=\"text\/javascript\" src=\"https:\/\/cafe.midriasis.com\/wp-content\/plugins\/skt-builder\/sktbuilder-wordpress-driver.js\"><\/script><script type=\"text\/javascript\"> var starter = new SktbuilderStarter({\"mode\": \"prod\", \"skip\":[\"jquery\",\"underscore\",\"backbone\"],\"sktbuilderUrl\": \"https:\/\/cafe.midriasis.com\/wp-content\/plugins\/skt-builder\/sktbuilder\/\", \"driver\": new SktbuilderWordpressDriver({\"ajaxUrl\": \"https:\/\/cafe.midriasis.com\/wp-admin\/admin-ajax.php\", \"iframeUrl\": \"https:\/\/cafe.midriasis.com\/index.php\/product\/kenya-coffee\/?sktbuilder=true\", \"pageId\": 4190, \"pages\": [{\"title\":\"Nuestra historia\",\"url\":\"https:\\\/\\\/cafe.midriasis.com\\\/wp-admin\\\/post.php?post=285&action=sktbuilder\"},{\"title\":\"Servicios\",\"url\":\"https:\\\/\\\/cafe.midriasis.com\\\/wp-admin\\\/post.php?post=1749&action=sktbuilder\"},{\"title\":\"Home\",\"url\":\"https:\\\/\\\/cafe.midriasis.com\\\/wp-admin\\\/post.php?post=4363&action=sktbuilder\"}], \"page\": \"Kit Prensa\" }) });<\/script><!-- end sktbuilder starter -->","protected":false},"excerpt":{"rendered":"<p>Caf\u00e9 Midriasis es mucho m\u00e1s que una taza de caf\u00e9.\u00a0 Cada grano captura la tradici\u00f3n de una familia colombiana que ha trasladado su pasi\u00f3n cafetera desde el Eje Cafetero al Oriente Antioque\u00f1o. Cada sorbo conecta con las ra\u00edces, elevando lo cotidiano a lo extraordinario.<\/p>\n","protected":false},"featured_media":4557,"comment_status":"open","ping_status":"closed","template":"","meta":[],"product_cat":[18],"product_tag":[],"class_list":{"0":"post-4190","1":"product","2":"type-product","3":"status-publish","4":"has-post-thumbnail","6":"product_cat-coffee","8":"first","9":"instock","10":"shipping-taxable","11":"purchasable","12":"product-type-simple"},"_links":{"self":[{"href":"https:\/\/cafe.midriasis.com\/index.php\/wp-json\/wp\/v2\/product\/4190"}],"collection":[{"href":"https:\/\/cafe.midriasis.com\/index.php\/wp-json\/wp\/v2\/product"}],"about":[{"href":"https:\/\/cafe.midriasis.com\/index.php\/wp-json\/wp\/v2\/types\/product"}],"replies":[{"embeddable":true,"href":"https:\/\/cafe.midriasis.com\/index.php\/wp-json\/wp\/v2\/comments?post=4190"}],"wp:featuredmedia":[{"embeddable":true,"href":"https:\/\/cafe.midriasis.com\/index.php\/wp-json\/wp\/v2\/media\/4557"}],"wp:attachment":[{"href":"https:\/\/cafe.midriasis.com\/index.php\/wp-json\/wp\/v2\/media?parent=4190"}],"wp:term":[{"taxonomy":"product_cat","embeddable":true,"href":"https:\/\/cafe.midriasis.com\/index.php\/wp-json\/wp\/v2\/product_cat?post=4190"},{"taxonomy":"product_tag","embeddable":true,"href":"https:\/\/cafe.midriasis.com\/index.php\/wp-json\/wp\/v2\/product_tag?post=4190"}],"curies":[{"name":"wp","href":"https:\/\/api.w.org\/{rel}","templated":true}]}}