{"id":4191,"date":"2018-11-22T07:25:32","date_gmt":"2018-11-22T07:25:32","guid":{"rendered":"https:\/\/sktperfectdemo.com\/demos\/cafe\/?post_type=product&#038;p=4191"},"modified":"2024-10-17T00:07:35","modified_gmt":"2024-10-17T05:07:35","slug":"ethiopia-coffee","status":"publish","type":"product","link":"https:\/\/cafe.midriasis.com\/index.php\/product\/ethiopia-coffee\/","title":{"rendered":"Media libra"},"content":{"rendered":"<p>Un caf\u00e9 org\u00e1nico excepcional, con notas c\u00edtricas de mandarina y naranja, matices achocolatados y un toque dulce de panela. Proveniente de un cruce selecto entre Bourbon amarillo y variedad Colombia, es la mezcla perfecta para disfrutar de una taza rica y arom\u00e1tica. Ideal para compartir al ritmo de una buena canci\u00f3n, transformando cada sorbo en una experiencia sensorial \u00fanica.<\/p>\n    <!-- sktbuilder starter --><script type=\"text\/javascript\" src=\"https:\/\/cafe.midriasis.com\/wp-content\/plugins\/skt-builder\/sktbuilder\/sktbuilder-frontend-starter.js\"><\/script><script type=\"text\/javascript\" src=\"https:\/\/cafe.midriasis.com\/wp-content\/plugins\/skt-builder\/sktbuilder-wordpress-driver.js\"><\/script><script type=\"text\/javascript\"> var starter = new SktbuilderStarter({\"mode\": \"prod\", \"skip\":[\"jquery\",\"underscore\",\"backbone\"],\"sktbuilderUrl\": \"https:\/\/cafe.midriasis.com\/wp-content\/plugins\/skt-builder\/sktbuilder\/\", \"driver\": new SktbuilderWordpressDriver({\"ajaxUrl\": \"https:\/\/cafe.midriasis.com\/wp-admin\/admin-ajax.php\", \"iframeUrl\": \"https:\/\/cafe.midriasis.com\/index.php\/product\/ethiopia-coffee\/?sktbuilder=true\", \"pageId\": 4191, \"pages\": [{\"title\":\"Nuestra historia\",\"url\":\"https:\\\/\\\/cafe.midriasis.com\\\/wp-admin\\\/post.php?post=285&action=sktbuilder\"},{\"title\":\"Servicios\",\"url\":\"https:\\\/\\\/cafe.midriasis.com\\\/wp-admin\\\/post.php?post=1749&action=sktbuilder\"},{\"title\":\"Home\",\"url\":\"https:\\\/\\\/cafe.midriasis.com\\\/wp-admin\\\/post.php?post=4363&action=sktbuilder\"}], \"page\": \"Media libra\" }) });<\/script><!-- end sktbuilder starter -->","protected":false},"excerpt":{"rendered":"<p>Lorem ipsum dolor sit amet, consectetur adipiscing elit. Curabitur sollicitudin posuere commodo. Fusce porta tincidunt luctus. Proin elementum facilisis lorem non lobortis. Integer a finibus eros.<\/p>\n","protected":false},"featured_media":4556,"comment_status":"open","ping_status":"closed","template":"","meta":[],"product_cat":[18],"product_tag":[43,45,44],"class_list":{"0":"post-4191","1":"product","2":"type-product","3":"status-publish","4":"has-post-thumbnail","6":"product_cat-coffee","7":"product_tag-cafe","8":"product_tag-instantes","9":"product_tag-musica","11":"first","12":"instock","13":"shipping-taxable","14":"purchasable","15":"product-type-simple"},"_links":{"self":[{"href":"https:\/\/cafe.midriasis.com\/index.php\/wp-json\/wp\/v2\/product\/4191"}],"collection":[{"href":"https:\/\/cafe.midriasis.com\/index.php\/wp-json\/wp\/v2\/product"}],"about":[{"href":"https:\/\/cafe.midriasis.com\/index.php\/wp-json\/wp\/v2\/types\/product"}],"replies":[{"embeddable":true,"href":"https:\/\/cafe.midriasis.com\/index.php\/wp-json\/wp\/v2\/comments?post=4191"}],"wp:featuredmedia":[{"embeddable":true,"href":"https:\/\/cafe.midriasis.com\/index.php\/wp-json\/wp\/v2\/media\/4556"}],"wp:attachment":[{"href":"https:\/\/cafe.midriasis.com\/index.php\/wp-json\/wp\/v2\/media?parent=4191"}],"wp:term":[{"taxonomy":"product_cat","embeddable":true,"href":"https:\/\/cafe.midriasis.com\/index.php\/wp-json\/wp\/v2\/product_cat?post=4191"},{"taxonomy":"product_tag","embeddable":true,"href":"https:\/\/cafe.midriasis.com\/index.php\/wp-json\/wp\/v2\/product_tag?post=4191"}],"curies":[{"name":"wp","href":"https:\/\/api.w.org\/{rel}","templated":true}]}}