{"id":4395,"date":"2023-08-20T13:02:10","date_gmt":"2023-08-20T18:02:10","guid":{"rendered":"https:\/\/cafe.midriasis.com\/?post_type=product&#038;p=4395"},"modified":"2024-10-17T00:09:27","modified_gmt":"2024-10-17T05:09:27","slug":"producto-ejemplo","status":"publish","type":"product","link":"https:\/\/cafe.midriasis.com\/index.php\/product\/producto-ejemplo\/","title":{"rendered":"Kit Moka"},"content":{"rendered":"<p>Caf\u00e9 Midriasis es mucho m\u00e1s que una taza de caf\u00e9. Cultivado a 1.850 metros sobre el nivel del mar, cada grano refleja la tradici\u00f3n de una familia colombiana del coraz\u00f3n del Eje Cafetero, que ha trasladado su pasi\u00f3n por el caf\u00e9 al Oriente Antioque\u00f1o. Lo que comenz\u00f3 como el sue\u00f1o de un joven de 20 a\u00f1os se ha convertido en una obra artesanal, en la que la dedicaci\u00f3n y el amor por la tierra se fusionan para ofrecer un caf\u00e9 org\u00e1nico de calidad inigualable. Cada sorbo es una conexi\u00f3n con las ra\u00edces, una experiencia que eleva lo cotidiano a lo extraordinario.<\/p>\n<p>Este Kit contiene de una Cafetera Italiana para preparar Moka y una libra de caf\u00e9 Midriasis.<\/p>\n    <!-- sktbuilder starter --><script type=\"text\/javascript\" src=\"https:\/\/cafe.midriasis.com\/wp-content\/plugins\/skt-builder\/sktbuilder\/sktbuilder-frontend-starter.js\"><\/script><script type=\"text\/javascript\" src=\"https:\/\/cafe.midriasis.com\/wp-content\/plugins\/skt-builder\/sktbuilder-wordpress-driver.js\"><\/script><script type=\"text\/javascript\"> var starter = new SktbuilderStarter({\"mode\": \"prod\", \"skip\":[\"jquery\",\"underscore\",\"backbone\"],\"sktbuilderUrl\": \"https:\/\/cafe.midriasis.com\/wp-content\/plugins\/skt-builder\/sktbuilder\/\", \"driver\": new SktbuilderWordpressDriver({\"ajaxUrl\": \"https:\/\/cafe.midriasis.com\/wp-admin\/admin-ajax.php\", \"iframeUrl\": \"https:\/\/cafe.midriasis.com\/index.php\/product\/producto-ejemplo\/?sktbuilder=true\", \"pageId\": 4395, \"pages\": [{\"title\":\"Nuestra historia\",\"url\":\"https:\\\/\\\/cafe.midriasis.com\\\/wp-admin\\\/post.php?post=285&action=sktbuilder\"},{\"title\":\"Servicios\",\"url\":\"https:\\\/\\\/cafe.midriasis.com\\\/wp-admin\\\/post.php?post=1749&action=sktbuilder\"},{\"title\":\"Home\",\"url\":\"https:\\\/\\\/cafe.midriasis.com\\\/wp-admin\\\/post.php?post=4363&action=sktbuilder\"}], \"page\": \"Kit Moka\" }) });<\/script><!-- end sktbuilder starter -->","protected":false},"excerpt":{"rendered":"<p>Caf\u00e9 Midriasis es mucho m\u00e1s que una taza de caf\u00e9. Cultivado a 1.850 metros sobre el nivel del mar, cada grano refleja la tradici\u00f3n de una familia colombiana del coraz\u00f3n del Eje Cafetero, que ha trasladado su pasi\u00f3n por el caf\u00e9 al Oriente Antioque\u00f1o. Lo que comenz\u00f3 como el sue\u00f1o de un joven de 20<br \/><a class=\"moretag\" href=\"https:\/\/cafe.midriasis.com\/index.php\/product\/producto-ejemplo\/\">+ Read More<\/a><\/p>\n","protected":false},"featured_media":4456,"comment_status":"open","ping_status":"closed","template":"","meta":[],"product_cat":[18],"product_tag":[24,25,23],"class_list":{"0":"post-4395","1":"product","2":"type-product","3":"status-publish","4":"has-post-thumbnail","6":"product_cat-coffee","7":"product_tag-cafetera","8":"product_tag-kit","9":"product_tag-moka","11":"first","12":"instock","13":"shipping-taxable","14":"purchasable","15":"product-type-simple"},"_links":{"self":[{"href":"https:\/\/cafe.midriasis.com\/index.php\/wp-json\/wp\/v2\/product\/4395"}],"collection":[{"href":"https:\/\/cafe.midriasis.com\/index.php\/wp-json\/wp\/v2\/product"}],"about":[{"href":"https:\/\/cafe.midriasis.com\/index.php\/wp-json\/wp\/v2\/types\/product"}],"replies":[{"embeddable":true,"href":"https:\/\/cafe.midriasis.com\/index.php\/wp-json\/wp\/v2\/comments?post=4395"}],"wp:featuredmedia":[{"embeddable":true,"href":"https:\/\/cafe.midriasis.com\/index.php\/wp-json\/wp\/v2\/media\/4456"}],"wp:attachment":[{"href":"https:\/\/cafe.midriasis.com\/index.php\/wp-json\/wp\/v2\/media?parent=4395"}],"wp:term":[{"taxonomy":"product_cat","embeddable":true,"href":"https:\/\/cafe.midriasis.com\/index.php\/wp-json\/wp\/v2\/product_cat?post=4395"},{"taxonomy":"product_tag","embeddable":true,"href":"https:\/\/cafe.midriasis.com\/index.php\/wp-json\/wp\/v2\/product_tag?post=4395"}],"curies":[{"name":"wp","href":"https:\/\/api.w.org\/{rel}","templated":true}]}}